{"id":2254,"date":"2021-08-26T22:15:23","date_gmt":"2021-08-27T04:15:23","guid":{"rendered":"https:\/\/vinitacora.mx\/?page_id=2254"},"modified":"2023-12-07T17:23:36","modified_gmt":"2023-12-07T23:23:36","slug":"vinitacora-wine-guide","status":"publish","type":"page","link":"https:\/\/vinitacora.mx\/en\/vinitacora-wine-guide\/","title":{"rendered":"What is Vinitacora?"},"content":{"rendered":"<p>[et_pb_section fb_built=&#8221;1&#8243; _builder_version=&#8221;4.16&#8243; _module_preset=&#8221;default&#8221; background_color=&#8221;#000000&#8243; custom_padding=&#8221;0px||0px|||&#8221; global_colors_info=&#8221;{}&#8221;][et_pb_row _builder_version=&#8221;4.16&#8243; _module_preset=&#8221;default&#8221; custom_padding=&#8221;||0px|||&#8221; global_colors_info=&#8221;{}&#8221;][et_pb_column type=&#8221;4_4&#8243; _builder_version=&#8221;4.16&#8243; _module_preset=&#8221;default&#8221; global_colors_info=&#8221;{}&#8221;][et_pb_text _builder_version=&#8221;4.16&#8243; _module_preset=&#8221;default&#8221; text_font=&#8221;Trebuchet|800|||||||&#8221; text_text_color=&#8221;#FFFFFF&#8221; text_font_size=&#8221;48px&#8221; text_letter_spacing=&#8221;-1px&#8221; text_line_height=&#8221;1.6em&#8221; background_color=&#8221;#000000&#8243; custom_margin=&#8221;||1px|||&#8221; global_colors_info=&#8221;{}&#8221;]WHAT IS VINITACORA?[\/et_pb_text][\/et_pb_column][\/et_pb_row][\/et_pb_section][et_pb_section fb_built=&#8221;1&#8243; _builder_version=&#8221;4.16&#8243; _module_preset=&#8221;default&#8221; background_color=&#8221;#000000&#8243; custom_padding=&#8221;0px||0px|||&#8221; global_colors_info=&#8221;{}&#8221;][et_pb_row _builder_version=&#8221;4.23.1&#8243; _module_preset=&#8221;default&#8221; width=&#8221;auto&#8221; global_colors_info=&#8221;{}&#8221;][et_pb_column type=&#8221;4_4&#8243; _builder_version=&#8221;4.16&#8243; _module_preset=&#8221;default&#8221; custom_padding=&#8221;|0px||0px|false|false&#8221; global_colors_info=&#8221;{}&#8221;][et_pb_text _builder_version=&#8221;4.23.1&#8243; _module_preset=&#8221;default&#8221; text_font=&#8221;|600|||||||&#8221; text_text_color=&#8221;#FFFFFF&#8221; text_font_size=&#8221;29px&#8221; background_layout=&#8221;dark&#8221; min_height=&#8221;84px&#8221; custom_margin=&#8221;||0px||false|false&#8221; custom_padding=&#8221;||0px|||&#8221; hover_enabled=&#8221;0&#8243; global_colors_info=&#8221;{}&#8221; module_alignment=&#8221;center&#8221; custom_margin_last_edited=&#8221;on|desktop&#8221; custom_margin_phone=&#8221;76px||16px||false|false&#8221; sticky_enabled=&#8221;0&#8243; custom_margin_tablet=&#8221;||0px||false|false&#8221;]<\/p>\n<h1 style=\"text-align: center;\">The Guide to Wines and Wineries in Mexico<\/h1>\n<p>[\/et_pb_text][et_pb_video src=&#8221;https:\/\/www.youtube.com\/embed\/cTE49IHtaJQ?si=nxgCq25duMiWiz3H&#8221; _builder_version=&#8221;4.23.1&#8243; _module_preset=&#8221;default&#8221; alt=&#8221;Que es Vinitacora&#8221; title_text=&#8221;Que es Vinitacora&#8221; image_src=&#8221;https:\/\/vinitacora.mx\/home\/wp-content\/uploads\/2023\/11\/vionda-portarda.jpg&#8221; play_icon_color=&#8221;#FC9569&#8243; use_icon_font_size=&#8221;on&#8221; icon_font_size=&#8221;120px&#8221; hover_enabled=&#8221;0&#8243; sticky_enabled=&#8221;0&#8243;][\/et_pb_video][et_pb_text _builder_version=&#8221;4.23.1&#8243; _module_preset=&#8221;default&#8221; text_font=&#8221;Aller Std LT||||||||&#8221; text_text_color=&#8221;#FFFFFF&#8221; text_font_size=&#8221;17px&#8221; width_tablet=&#8221;&#8221; width_phone=&#8221;100%&#8221; width_last_edited=&#8221;on|desktop&#8221; custom_margin=&#8221;-14px|-39px|-2px|||&#8221; custom_padding=&#8221;||0px|||&#8221; hover_enabled=&#8221;0&#8243; global_colors_info=&#8221;{}&#8221; sticky_enabled=&#8221;0&#8243;]<\/p>\n<p style=\"text-align: center;\">Vinit\u00e1cora is a self-taught personal guide and tool, where in addition to having the information to travel to different wine regions, you can record all the wines you taste, with the freedom to be yourself the critic of them, rate them, remember them and learn to differentiate them through your own experience and thus be able to know which ones to buy and recommend.<strong><\/strong><\/p>\n<p>[\/et_pb_text][\/et_pb_column][\/et_pb_row][et_pb_row column_structure=&#8221;1_2,1_2&#8243; _builder_version=&#8221;4.23.1&#8243; _module_preset=&#8221;default&#8221; custom_padding=&#8221;0px||85px|||&#8221; global_colors_info=&#8221;{}&#8221;][et_pb_column type=&#8221;1_2&#8243; _builder_version=&#8221;4.23.1&#8243; _module_preset=&#8221;default&#8221; global_colors_info=&#8221;{}&#8221;][et_pb_text _builder_version=&#8221;4.23.1&#8243; _module_preset=&#8221;default&#8221; text_text_color=&#8221;#FFFFFF&#8221; hover_enabled=&#8221;0&#8243; global_colors_info=&#8221;{}&#8221; sticky_enabled=&#8221;0&#8243;]<\/p>\n<p style=\"text-align: center;\"><strong>Discover <\/strong>Mexican wines and wineries<\/p>\n<p style=\"text-align: center;\"> <strong><img decoding=\"async\" src=\"https:\/\/vinitacora.mx\/home\/wp-content\/uploads\/2021\/08\/uva.png\" width=\"19\" height=\"25\" alt=\"\" class=\"wp-image-234 alignnone size-full\"> Travel <\/strong>and get to know the Mexican Wine Routes<\/p>\n<p>[\/et_pb_text][\/et_pb_column][et_pb_column type=&#8221;1_2&#8243; _builder_version=&#8221;4.23.1&#8243; _module_preset=&#8221;default&#8221; global_colors_info=&#8221;{}&#8221;][et_pb_text _builder_version=&#8221;4.23.1&#8243; _module_preset=&#8221;default&#8221; text_text_color=&#8221;#FFFFFF&#8221; global_colors_info=&#8221;{}&#8221;]<\/p>\n<p style=\"text-align: left;\"> <strong><img decoding=\"async\" src=\"https:\/\/vinitacora.mx\/home\/wp-content\/uploads\/2021\/08\/cuaderno.png\" width=\"19\" height=\"25\" alt=\"\" class=\"wp-image-233 alignnone size-full\"> Record <\/strong>the wines you taste, rate and remember.<\/p>\n<p style=\"text-align: left;\"> <strong><img decoding=\"async\" src=\"https:\/\/vinitacora.mx\/home\/wp-content\/uploads\/2021\/08\/botella.png\" width=\"21\" height=\"27\" alt=\"\" class=\"wp-image-235 alignnone size-full\"> Recommend <\/strong>your favorite wines and wineries<\/p>\n<p>[\/et_pb_text][\/et_pb_column][\/et_pb_row][\/et_pb_section][et_pb_section fb_built=&#8221;1&#8243; _builder_version=&#8221;4.21.0&#8243; _module_preset=&#8221;default&#8221; background_color=&#8221;#FFFFFF&#8221; custom_padding=&#8221;7px||5px|||&#8221; global_colors_info=&#8221;{}&#8221;][et_pb_row _builder_version=&#8221;4.16&#8243; _module_preset=&#8221;default&#8221; custom_margin=&#8221;-7px|auto||auto||&#8221; custom_padding=&#8221;8px|||||&#8221; global_colors_info=&#8221;{}&#8221;][et_pb_column type=&#8221;4_4&#8243; _builder_version=&#8221;4.16&#8243; _module_preset=&#8221;default&#8221; global_colors_info=&#8221;{}&#8221;][et_pb_text _builder_version=&#8221;4.21.0&#8243; _module_preset=&#8221;default&#8221; text_font=&#8221;Aller|800|||||||&#8221; text_text_color=&#8221;#47474f&#8221; text_font_size=&#8221;44px&#8221; text_line_height=&#8221;1.1em&#8221; background_color=&#8221;#FFFFFF&#8221; text_orientation=&#8221;center&#8221; custom_margin=&#8221;50px|||||&#8221; custom_margin_tablet=&#8221;50px|||||&#8221; custom_margin_phone=&#8221;49px||0px||false|false&#8221; custom_margin_last_edited=&#8221;on|phone&#8221; global_colors_info=&#8221;{}&#8221;]<\/p>\n<h1><span>WHAT IS VINITACORA USED FOR?<\/span><\/h1>\n<p>[\/et_pb_text][\/et_pb_column][\/et_pb_row][\/et_pb_section][et_pb_section fb_built=&#8221;1&#8243; _builder_version=&#8221;4.21.0&#8243; _module_preset=&#8221;default&#8221; background_color=&#8221;#FFFFFF&#8221; min_height=&#8221;505.8px&#8221; custom_margin=&#8221;-21px||2px|||&#8221; custom_padding=&#8221;0px||0px|||&#8221; global_colors_info=&#8221;{}&#8221;][et_pb_row column_structure=&#8221;1_4,1_4,1_4,1_4&#8243; _builder_version=&#8221;4.16&#8243; _module_preset=&#8221;default&#8221; custom_margin=&#8221;17px|auto||auto||&#8221; global_colors_info=&#8221;{}&#8221;][et_pb_column type=&#8221;1_4&#8243; _builder_version=&#8221;4.16&#8243; _module_preset=&#8221;default&#8221; global_colors_info=&#8221;{}&#8221;][et_pb_image src=&#8221;https:\/\/vinitacora.mx\/home\/wp-content\/uploads\/2021\/08\/C4.jpg&#8221; title_text=&#8221;C4&#8243; align=&#8221;center&#8221; _builder_version=&#8221;4.16&#8243; _module_preset=&#8221;default&#8221; border_radii=&#8221;on|290px|290px|290px|290px&#8221; box_shadow_style=&#8221;preset3&#8243; global_colors_info=&#8221;{}&#8221;][\/et_pb_image][et_pb_text _builder_version=&#8221;4.20.2&#8243; _module_preset=&#8221;default&#8221; text_font=&#8221;Aller||||||||&#8221; header_2_font=&#8221;Trebuchet|800|||||||&#8221; header_2_text_color=&#8221;#47474f&#8221; global_colors_info=&#8221;{}&#8221;]<\/p>\n<h2 class=\"why_us_item_c\" style=\"text-align: center;\">VIAJA<\/h2>\n<p>[\/et_pb_text][et_pb_text _builder_version=&#8221;4.16&#8243; _module_preset=&#8221;default&#8221; text_text_color=&#8221;#47474f&#8221; custom_margin=&#8221;-12px|||||&#8221; global_colors_info=&#8221;{}&#8221;]<\/p>\n<p style=\"text-align: center;\"><span>Plan your trip to the different wine routes and be guided by our tips, map and all the information about the region.<\/span><\/p>\n<p>[\/et_pb_text][\/et_pb_column][et_pb_column type=&#8221;1_4&#8243; _builder_version=&#8221;4.16&#8243; _module_preset=&#8221;default&#8221; global_colors_info=&#8221;{}&#8221;][et_pb_image src=&#8221;https:\/\/vinitacora.mx\/home\/wp-content\/uploads\/2021\/08\/c1.jpg&#8221; title_text=&#8221;c1&#8243; align=&#8221;center&#8221; _builder_version=&#8221;4.16&#8243; _module_preset=&#8221;default&#8221; border_radii=&#8221;on|260px|260px|260px|260px&#8221; box_shadow_style=&#8221;preset3&#8243; global_colors_info=&#8221;{}&#8221;][\/et_pb_image][et_pb_text _builder_version=&#8221;4.20.2&#8243; _module_preset=&#8221;default&#8221; header_2_font=&#8221;Trebuchet|800|||||||&#8221; header_2_text_color=&#8221;#47474f&#8221; global_colors_info=&#8221;{}&#8221;]<\/p>\n<h2 class=\"why_us_item_c\" style=\"text-align: center;\">REGISTER<\/h2>\n<p>[\/et_pb_text][et_pb_text _builder_version=&#8221;4.16&#8243; _module_preset=&#8221;default&#8221; text_text_color=&#8221;#47474f&#8221; text_orientation=&#8221;center&#8221; custom_margin=&#8221;-12px|||||&#8221; custom_padding=&#8221;||0px|||&#8221; global_colors_info=&#8221;{}&#8221;]All the wines you taste, rate them according to your own taste and remember when, where and with whom you drank them.[\/et_pb_text][\/et_pb_column][et_pb_column type=&#8221;1_4&#8243; _builder_version=&#8221;4.16&#8243; _module_preset=&#8221;default&#8221; global_colors_info=&#8221;{}&#8221;][et_pb_image src=&#8221;https:\/\/vinitacora.mx\/home\/wp-content\/uploads\/2021\/08\/c2.jpg&#8221; title_text=&#8221;c2&#8243; align=&#8221;center&#8221; _builder_version=&#8221;4.16&#8243; _module_preset=&#8221;default&#8221; border_radii=&#8221;on|252px|252px|252px|252px&#8221; box_shadow_style=&#8221;preset3&#8243; global_colors_info=&#8221;{}&#8221;][\/et_pb_image][et_pb_text _builder_version=&#8221;4.20.2&#8243; _module_preset=&#8221;default&#8221; header_2_font=&#8221;Trebuchet|800|||||||&#8221; header_2_text_color=&#8221;#47474f&#8221; global_colors_info=&#8221;{}&#8221;]<\/p>\n<h2 class=\"why_us_item_c\" style=\"text-align: center;\">SHARE<\/h2>\n<p>[\/et_pb_text][et_pb_text _builder_version=&#8221;4.16&#8243; _module_preset=&#8221;default&#8221; text_text_color=&#8221;#47474f&#8221; text_orientation=&#8221;center&#8221; custom_margin=&#8221;-12px|||||&#8221; global_colors_info=&#8221;{}&#8221;]Use it as your reference book to remember those wines you liked and would buy again and recommend.[\/et_pb_text][\/et_pb_column][et_pb_column type=&#8221;1_4&#8243; _builder_version=&#8221;4.16&#8243; _module_preset=&#8221;default&#8221; global_colors_info=&#8221;{}&#8221;][et_pb_image src=&#8221;https:\/\/vinitacora.mx\/home\/wp-content\/uploads\/2021\/08\/C3.jpg&#8221; title_text=&#8221;C3&#8243; align=&#8221;center&#8221; _builder_version=&#8221;4.16&#8243; _module_preset=&#8221;default&#8221; border_radii=&#8221;on|208px|208px|208px|208px&#8221; box_shadow_style=&#8221;preset3&#8243; global_colors_info=&#8221;{}&#8221;][\/et_pb_image][et_pb_text _builder_version=&#8221;4.16&#8243; _module_preset=&#8221;default&#8221; header_2_font=&#8221;Trebuchet|800|||||||&#8221; header_2_text_color=&#8221;#47474f&#8221; global_colors_info=&#8221;{}&#8221;]<\/p>\n<h2 class=\"why_us_item_c\" style=\"text-align: center;\"><strong><i class=\"fas fa-search\"><\/i><\/strong>DISCOVER<\/h2>\n<p>[\/et_pb_text][et_pb_text _builder_version=&#8221;4.16&#8243; _module_preset=&#8221;default&#8221; text_text_color=&#8221;#47474f&#8221; custom_margin=&#8221;-12px|||||&#8221; custom_padding=&#8221;||0px|||&#8221; global_colors_info=&#8221;{}&#8221;]<\/p>\n<p style=\"text-align: center;\">Your new favorite wines and wineries. Learn about their history, wine style and all the information about each of the producing regions.<\/p>\n<p>[\/et_pb_text][\/et_pb_column][\/et_pb_row][\/et_pb_section][et_pb_section fb_built=&#8221;1&#8243; _builder_version=&#8221;4.21.0&#8243; _module_preset=&#8221;default&#8221; background_color=&#8221;#FFFFFF&#8221; custom_padding=&#8221;7px||5px|||&#8221; global_colors_info=&#8221;{}&#8221;][et_pb_row _builder_version=&#8221;4.16&#8243; _module_preset=&#8221;default&#8221; custom_margin=&#8221;-7px|auto||auto||&#8221; custom_padding=&#8221;8px|||||&#8221; global_colors_info=&#8221;{}&#8221;][et_pb_column type=&#8221;4_4&#8243; _builder_version=&#8221;4.16&#8243; _module_preset=&#8221;default&#8221; global_colors_info=&#8221;{}&#8221;][et_pb_text _builder_version=&#8221;4.21.0&#8243; _module_preset=&#8221;default&#8221; text_font=&#8221;Aller|800|||||||&#8221; text_text_color=&#8221;#47474f&#8221; text_font_size=&#8221;44px&#8221; text_line_height=&#8221;1.1em&#8221; background_color=&#8221;#FFFFFF&#8221; custom_margin=&#8221;50px|||||&#8221; custom_margin_tablet=&#8221;50px|||||&#8221; custom_margin_phone=&#8221;49px||0px||false|false&#8221; custom_margin_last_edited=&#8221;on|phone&#8221; global_colors_info=&#8221;{}&#8221;]<\/p>\n<h1 style=\"text-align: center;\">MOST RECENT EDITIONS<\/h1>\n<p>[\/et_pb_text][\/et_pb_column][\/et_pb_row][\/et_pb_section][et_pb_section fb_built=&#8221;1&#8243; _builder_version=&#8221;4.21.0&#8243; _module_preset=&#8221;default&#8221; background_color=&#8221;#232C55&#8243; custom_padding=&#8221;||50px|||&#8221; saved_tabs=&#8221;all&#8221; global_colors_info=&#8221;{}&#8221;][et_pb_row column_structure=&#8221;1_2,1_2&#8243; _builder_version=&#8221;4.21.0&#8243; _module_preset=&#8221;default&#8221; global_colors_info=&#8221;{}&#8221;][et_pb_column type=&#8221;1_2&#8243; _builder_version=&#8221;4.21.0&#8243; _module_preset=&#8221;default&#8221; global_colors_info=&#8221;{}&#8221;][et_pb_image src=&#8221;https:\/\/vinitacora.mx\/home\/wp-content\/uploads\/2023\/03\/portada-614&#215;1024.jpeg&#8221; alt=&#8221;vinitacora_lower_fourth_edition_cover&#8221; title_text=&#8221;Vinitacora Cover 4th Edition&#8221; align=&#8221;center&#8221; _builder_version=&#8221;4.21.0&#8243; _module_preset=&#8221;default&#8221; height=&#8221;645px&#8221; box_shadow_style=&#8221;preset2&#8243; global_colors_info=&#8221;{}&#8221;][\/et_pb_image][\/et_pb_column][et_pb_column type=&#8221;1_2&#8243; _builder_version=&#8221;4.21.0&#8243; _module_preset=&#8221;default&#8221; global_colors_info=&#8221;{}&#8221;][et_pb_text _builder_version=&#8221;4.23.1&#8243; _module_preset=&#8221;default&#8221; text_font=&#8221;Aller||||||||&#8221; text_text_color=&#8221;#FFFFFF&#8221; text_font_size=&#8221;32px&#8221; text_line_height=&#8221;1.2em&#8221; background_layout=&#8221;dark&#8221; global_colors_info=&#8221;{}&#8221;]<\/p>\n<h1 data-sanitized-data-mce-style=\"text-align: center;\" style=\"text-align: center;\">Vinitacora: Wines and Wineries of Baja California, Mexico 4th Edition.<\/h1>\n<p>[\/et_pb_text][et_pb_text _builder_version=&#8221;4.21.0&#8243; _module_preset=&#8221;default&#8221; text_font=&#8221;Aller Std LT||||||||&#8221; text_text_color=&#8221;#FFFFFF&#8221; text_font_size=&#8221;26px&#8221; text_line_height=&#8221;1.2em&#8221; global_colors_info=&#8221;{}&#8221;]<\/p>\n<p data-sanitized-data-mce-style=\"text-align: center;\" style=\"text-align: center;\">The Definitive Guide to Mexico&#8217;s Most Acclaimed Wine Region.<\/p>\n<p>[\/et_pb_text][et_pb_text _builder_version=&#8221;4.21.0&#8243; _module_preset=&#8221;default&#8221; global_colors_info=&#8221;{}&#8221;]<\/p>\n<p data-sanitized-data-mce-style=\"text-align: center;\" style=\"text-align: left;\"><span style=\"color: #ffffff;\">This fourth bilingual edition (English and Spanish) presents information on more than 80 wineries in Baja California, with their distinctive red, white, ros\u00e9 and sparkling wines. Learn about the wineries, regions, cities, wine routes and the main wine production areas, such as Valle de Guadalupe, Ojos Negros, Santo Tom\u00e1s and San Vicente. Get travel tips and a free digital guide with more information about Mexican wine, plus a pocket map.<\/span><\/p>\n<p data-sanitized-data-mce-style=\"text-align: center;\" style=\"text-align: left;\"><span style=\"color: #ffffff;\">Written and illustrated by expert Mexican wine sommelier Vionda, discover practical tips and her top picks for the best wines and wineries in Baja California.<\/span><\/p>\n<p data-sanitized-data-mce-style=\"text-align: center;\" style=\"text-align: left;\"><span style=\"color: #ffffff;\">Get ready for the English-only version, coming soon!<\/span><\/p>\n<p data-sanitized-data-mce-style=\"text-align: center;\" style=\"text-align: left;\"><span style=\"color: #ffffff;\"><strong>Vinit\u00e1cora\u00ae<\/strong> is a powerful record-keeping tool for exploring Mexican wines and wineries. With it you can document the wines you taste and the wineries you visit, evaluate them and remember them. Also, share your favorites and encourage others to explore. Discover Mexican wines, remember and rate them, and travel to visit wineries.<\/span><\/p>\n<p>[\/et_pb_text][et_pb_button button_url=&#8221;https:\/\/store.vinitacora.mx\/es\/products\/vinitacora-baja-california-4ta-edicion&#8221; button_text=&#8221;Order here&#8221; _builder_version=&#8221;4.23.1&#8243; _module_preset=&#8221;default&#8221; custom_button=&#8221;on&#8221; button_bg_color=&#8221;#A1488E&#8221; button_border_color=&#8221;RGBA(255,255,255,0)&#8221; global_colors_info=&#8221;{}&#8221;][\/et_pb_button][\/et_pb_column][\/et_pb_row][\/et_pb_section][et_pb_section fb_built=&#8221;1&#8243; _builder_version=&#8221;4.21.0&#8243; _module_preset=&#8221;default&#8221; background_color=&#8221;#FFFFFF&#8221; saved_tabs=&#8221;all&#8221; global_colors_info=&#8221;{}&#8221;][et_pb_row column_structure=&#8221;1_2,1_2&#8243; _builder_version=&#8221;4.21.0&#8243; _module_preset=&#8221;default&#8221; global_colors_info=&#8221;{}&#8221;][et_pb_column type=&#8221;1_2&#8243; _builder_version=&#8221;4.21.0&#8243; _module_preset=&#8221;default&#8221; global_colors_info=&#8221;{}&#8221;][et_pb_image src=&#8221;https:\/\/vinitacora.mx\/home\/wp-content\/uploads\/2023\/06\/BC-copia.jpg&#8221; title_text=&#8221;BC-copia&#8221; _builder_version=&#8221;4.21.0&#8243; _module_preset=&#8221;default&#8221; global_colors_info=&#8221;{}&#8221;][\/et_pb_image][\/et_pb_column][et_pb_column type=&#8221;1_2&#8243; _builder_version=&#8221;4.21.0&#8243; _module_preset=&#8221;default&#8221; global_colors_info=&#8221;{}&#8221;][et_pb_text _builder_version=&#8221;4.21.0&#8243; _module_preset=&#8221;default&#8221; text_font=&#8221;Aller||||||||&#8221; text_text_color=&#8221;#232C55&#8243; text_font_size=&#8221;32px&#8221; text_line_height=&#8221;1.2em&#8221; custom_margin=&#8221;||36px|||&#8221; global_colors_info=&#8221;{}&#8221;]<\/p>\n<p data-sanitized-data-mce-style=\"text-align: center;\" style=\"text-align: center;\">Vinitacora Baja California 3rd Edition.<\/p>\n<p>[\/et_pb_text][et_pb_text _builder_version=&#8221;4.21.0&#8243; _module_preset=&#8221;default&#8221; text_font=&#8221;Aller Std LT||||||||&#8221; text_text_color=&#8221;#232C55&#8243; global_colors_info=&#8221;{}&#8221;]<\/p>\n<p><span style=\"font-size: medium;\">Baja California is the country&#8217;s most iconic wine-growing state and producer of almost 80% of Mexican wine and is located in the northwest of the country. The wine route is located in Ensenada, just an hour and a half from the city of Tijuana, which shares a border with San Diego in the United States.<\/span><\/p>\n<p><span style=\"font-size: medium;\">In this 3rd Edition, get to know more than 70 wineries with around 550 wines to taste, elaborated in the five most representative valleys of the region, within the Wine Route: <\/span><span style=\"font-size: medium;\">Valle de Guadalupe, <\/span><span style=\"font-size: medium;\">Ojos Negros, <\/span><span style=\"font-size: medium;\">La Grulla, <\/span><span style=\"font-size: medium;\">Santo Tom\u00e1s and <\/span><span style=\"font-size: medium;\">San Vicente.<\/span><span style=\"font-size: medium;\"><\/span><\/p>\n<p><span style=\"font-size: medium;\"><\/span><\/p>\n<p><strong>Plan your trip to the Wine Route<\/strong><\/p>\n<p>In your Baja California Vinit\u00e1cora you will find everything you need to know to move within the Route:<\/p>\n<ul>\n<li>Information on the region and the various producing valleys<\/li>\n<li>Suggested itineraries by valleys<\/li>\n<li>Climate, seasons<\/li>\n<li>Distances and mobility<\/li>\n<li>Travel Tips<\/li>\n<li>Food and lodging recommendations<\/li>\n<li>Script to learn how to taste a wine<\/li>\n<li>Pocket map<\/li>\n<\/ul>\n<p>In addition to all the information about the wineries, their services, schedules and their wine list so that you can taste, rate, document and remember them.<\/p>\n<p>[\/et_pb_text][et_pb_button button_url=&#8221;https:\/\/store.vinitacora.mx\/es\/products\/vinitacora-baja-california&#8221; button_text=&#8221;Order here&#8221; _builder_version=&#8221;4.23.1&#8243; _module_preset=&#8221;default&#8221; custom_button=&#8221;on&#8221; button_bg_color=&#8221;#A1488E&#8221; button_border_color=&#8221;RGBA(255,255,255,0)&#8221; global_colors_info=&#8221;{}&#8221;][\/et_pb_button][\/et_pb_column][\/et_pb_row][\/et_pb_section][et_pb_section fb_built=&#8221;1&#8243; _builder_version=&#8221;4.21.0&#8243; _module_preset=&#8221;default&#8221; background_color=&#8221;#FFFFFF&#8221; saved_tabs=&#8221;all&#8221; global_colors_info=&#8221;{}&#8221;][et_pb_row column_structure=&#8221;1_2,1_2&#8243; _builder_version=&#8221;4.21.0&#8243; _module_preset=&#8221;default&#8221; global_colors_info=&#8221;{}&#8221;][et_pb_column type=&#8221;1_2&#8243; _builder_version=&#8221;4.21.0&#8243; _module_preset=&#8221;default&#8221; global_colors_info=&#8221;{}&#8221;][et_pb_image src=&#8221;https:\/\/vinitacora.mx\/home\/wp-content\/uploads\/2023\/06\/QRO-2.jpg&#8221; title_text=&#8221;QRO-2&#8243; _builder_version=&#8221;4.21.0&#8243; _module_preset=&#8221;default&#8221; global_colors_info=&#8221;{}&#8221;][\/et_pb_image][\/et_pb_column][et_pb_column type=&#8221;1_2&#8243; _builder_version=&#8221;4.21.0&#8243; _module_preset=&#8221;default&#8221; global_colors_info=&#8221;{}&#8221;][et_pb_text _builder_version=&#8221;4.23.1&#8243; _module_preset=&#8221;default&#8221; text_font=&#8221;Aller||||||||&#8221; text_text_color=&#8221;#232C55&#8243; text_font_size=&#8221;32px&#8221; text_line_height=&#8221;1.2em&#8221; custom_margin=&#8221;||36px|||&#8221; global_colors_info=&#8221;{}&#8221;]<\/p>\n<h1 data-sanitized-data-mce-style=\"text-align: center;\" style=\"text-align: center;\">Vinitacora Quer\u00e9taro: The Art, Cheese and Wine Route<\/h1>\n<p>[\/et_pb_text][et_pb_text _builder_version=&#8221;4.21.0&#8243; _module_preset=&#8221;default&#8221; text_font=&#8221;Aller Std LT||||||||&#8221; text_text_color=&#8221;#232C55&#8243; global_colors_info=&#8221;{}&#8221;]<\/p>\n<p><span>The state of <strong>Quer\u00e9taro<\/strong>  is located in the center of the country, just a couple of hours from Mexico City and is one of the most important and fastest growing wine regions in recent years, not only for improving the quality of its wines year after year, but also for being the cheese producing region par excellence and also possessing beautiful magical towns, many of which are considered World Heritage Sites by UNESCO.<\/span><\/p>\n<p>In this 1st Edition, get to know more than 26 wineries with around 200 wines to taste, as well as cheese factories and magical towns within the seven municipalities that make up the Wine Route: Cadereyta, Col\u00f3n, El Marqu\u00e9s, Ezequiel Montes, Huimilpan, San Juan del R\u00edo and Tequisquiapan.<\/p>\n<p><strong>Plan your trip to the Art, Cheese and Wine Route<\/strong><\/p>\n<p>In your Vinit\u00e1cora Quer\u00e9taro you will find everything you need to know to get around the Art, Cheese and Wine Route:<\/p>\n<ul>\n<li>Information on the wineries, cheese factories and magical towns that make up the route.<\/li>\n<li>Information about the region and the different producing municipalities<\/li>\n<li>Suggested itineraries by municipality<\/li>\n<li>Weather, seasons and events<\/li>\n<li>Distances and mobility<\/li>\n<li>Travel Tips<\/li>\n<li>Food and lodging recommendations<\/li>\n<li>Script to learn how to taste a wine<\/li>\n<li>Pocket map<\/li>\n<\/ul>\n<p>In addition to information about the wineries, their services, schedules and their wine list so you can taste, rate, document and remember them.<\/p>\n<p>[\/et_pb_text][et_pb_button button_url=&#8221;https:\/\/store.vinitacora.mx\/es\/products\/vinitacora-queretaro&#8221; button_text=&#8221;Order here&#8221; _builder_version=&#8221;4.23.1&#8243; _module_preset=&#8221;default&#8221; custom_button=&#8221;on&#8221; button_bg_color=&#8221;#A1488E&#8221; button_border_color=&#8221;RGBA(255,255,255,0)&#8221; global_colors_info=&#8221;{}&#8221;][\/et_pb_button][\/et_pb_column][\/et_pb_row][\/et_pb_section]<\/p>\n","protected":false},"excerpt":{"rendered":"<p>Vinit\u00e1cora is a self-taught personal guide and tool, where in addition to having the information to travel to different wine regions, you can record all the wines you taste, with the freedom to be yourself the critic of them, rate them, remember them and learn to differentiate them through your own experience and thus be able to know which ones to buy and recommend.<\/p>\n","protected":false},"author":2,"featured_media":2244,"parent":0,"menu_order":0,"comment_status":"closed","ping_status":"closed","template":"","meta":{"_acf_changed":false,"_et_pb_use_builder":"on","_et_pb_old_content":"","_et_gb_content_width":"","footnotes":""},"class_list":["post-2254","page","type-page","status-publish","has-post-thumbnail","hentry"],"acf":[],"_links":{"self":[{"href":"https:\/\/vinitacora.mx\/en\/wp-json\/wp\/v2\/pages\/2254","targetHints":{"allow":["GET"]}}],"collection":[{"href":"https:\/\/vinitacora.mx\/en\/wp-json\/wp\/v2\/pages"}],"about":[{"href":"https:\/\/vinitacora.mx\/en\/wp-json\/wp\/v2\/types\/page"}],"author":[{"embeddable":true,"href":"https:\/\/vinitacora.mx\/en\/wp-json\/wp\/v2\/users\/2"}],"replies":[{"embeddable":true,"href":"https:\/\/vinitacora.mx\/en\/wp-json\/wp\/v2\/comments?post=2254"}],"version-history":[{"count":7,"href":"https:\/\/vinitacora.mx\/en\/wp-json\/wp\/v2\/pages\/2254\/revisions"}],"predecessor-version":[{"id":2363,"href":"https:\/\/vinitacora.mx\/en\/wp-json\/wp\/v2\/pages\/2254\/revisions\/2363"}],"wp:featuredmedia":[{"embeddable":true,"href":"https:\/\/vinitacora.mx\/en\/wp-json\/wp\/v2\/media\/2244"}],"wp:attachment":[{"href":"https:\/\/vinitacora.mx\/en\/wp-json\/wp\/v2\/media?parent=2254"}],"curies":[{"name":"wp","href":"https:\/\/api.w.org\/{rel}","templated":true}]}}