{"id":3806,"date":"2024-10-27T21:32:16","date_gmt":"2024-10-28T03:32:16","guid":{"rendered":"https:\/\/vinitacora.mx\/vinitacora-queretaro-your-guide-to-the-art-cheese-and-wine-route\/"},"modified":"2025-02-12T17:20:34","modified_gmt":"2025-02-12T23:20:34","slug":"vinitacora-queretaro-your-guide-to-the-art-cheese-and-wine-route","status":"publish","type":"page","link":"https:\/\/vinitacora.mx\/en\/vinitacora-queretaro-your-guide-to-the-art-cheese-and-wine-route\/","title":{"rendered":"Vinit\u00e1cora Quer\u00e9taro \u2013 Your Guide to the Art, Cheese, and Wine Route"},"content":{"rendered":"<p>[et_pb_section fb_built=&#8221;1&#8243; custom_padding_last_edited=&#8221;off|desktop&#8221; admin_label=&#8221;Hero&#8221; _builder_version=&#8221;4.27.2&#8243; use_background_color_gradient=&#8221;on&#8221; background_color_gradient_direction=&#8221;90deg&#8221; background_color_gradient_stops=&#8221;rgba(0,0,0,0.75) 0%|rgba(0,0,0,0.2) 100%&#8221; background_color_gradient_overlays_image=&#8221;on&#8221; background_color_gradient_start=&#8221;rgba(0,0,0,0.75)&#8221; background_color_gradient_end=&#8221;rgba(0,0,0,0.2)&#8221; background_image=&#8221;https:\/\/vinitacora.mx\/home\/wp-content\/uploads\/2024\/10\/queretaro-vinalutra.webp&#8221; min_height=&#8221;100vh&#8221; custom_padding=&#8221;10%||10%|&#8221; global_colors_info=&#8221;{}&#8221;][et_pb_row _builder_version=&#8221;4.16&#8243; background_size=&#8221;initial&#8221; background_position=&#8221;top_left&#8221; background_repeat=&#8221;repeat&#8221; custom_margin=&#8221;|||&#8221; animation_style=&#8221;zoom&#8221; animation_intensity_zoom=&#8221;4%&#8221; global_colors_info=&#8221;{}&#8221;][et_pb_column type=&#8221;4_4&#8243; _builder_version=&#8221;4.16&#8243; custom_padding=&#8221;|||&#8221; global_colors_info=&#8221;{}&#8221; custom_padding__hover=&#8221;|||&#8221;][et_pb_text admin_label=&#8221;Title&#8221; _builder_version=&#8221;4.27.2&#8243; text_font=&#8221;||||||||&#8221; header_font=&#8221;&#8211;et_global_heading_font|700|||||||&#8221; header_font_size=&#8221;64px&#8221; header_line_height=&#8221;1.4em&#8221; background_layout=&#8221;dark&#8221; max_width=&#8221;800px&#8221; animation_style=&#8221;fold&#8221; animation_direction=&#8221;bottom&#8221; animation_delay=&#8221;50ms&#8221; animation_intensity_fold=&#8221;30%&#8221; animation_starting_opacity=&#8221;100%&#8221; global_colors_info=&#8221;{}&#8221;]<\/p>\n<h1>Your Complete Guide to Quer\u00e9taro&#8217;s Wine and Cheese Trail<\/h1>\n<p>[\/et_pb_text][et_pb_text _builder_version=&#8221;4.27.2&#8243; text_font=&#8221;&#8211;et_global_body_font|500|||||||&#8221; text_font_size=&#8221;23px&#8221; text_line_height=&#8221;1.8em&#8221; header_font=&#8221;||||||||&#8221; background_layout=&#8221;dark&#8221; max_width=&#8221;800px&#8221; animation_style=&#8221;fold&#8221; animation_direction=&#8221;bottom&#8221; animation_delay=&#8221;100ms&#8221; animation_intensity_fold=&#8221;30%&#8221; animation_starting_opacity=&#8221;100%&#8221; global_colors_info=&#8221;{}&#8221;]<\/p>\n<p>Explore the Best Vineyards in Quer\u00e9taro&#8217;s Cheese and Wine Route with Vinit\u00e1cora<\/p>\n<p>[\/et_pb_text][et_pb_button button_url=&#8221;https:\/\/tienda.vinitacora.mx\/products\/ruta-del-vino-queretaro&#8221; url_new_window=&#8221;on&#8221; button_text=&#8221;Learn more&#8221; _builder_version=&#8221;4.27.3&#8243; custom_button=&#8221;on&#8221; button_text_size=&#8221;14px&#8221; button_text_color=&#8221;#000000&#8243; button_bg_color=&#8221;#FFFFFF&#8221; button_border_width=&#8221;8px&#8221; button_border_color=&#8221;#FFFFFF&#8221; button_border_radius=&#8221;0px&#8221; button_font=&#8221;Montserrat|500||on|||||&#8221; button_use_icon=&#8221;off&#8221; background_layout=&#8221;dark&#8221; custom_margin=&#8221;25px|||&#8221; animation_style=&#8221;fold&#8221; animation_direction=&#8221;bottom&#8221; animation_delay=&#8221;300ms&#8221; animation_intensity_fold=&#8221;30%&#8221; animation_starting_opacity=&#8221;100%&#8221; global_colors_info=&#8221;{}&#8221; button_text_size__hover_enabled=&#8221;off&#8221; button_one_text_size__hover_enabled=&#8221;off&#8221; button_two_text_size__hover_enabled=&#8221;off&#8221; button_text_color__hover_enabled=&#8221;off&#8221; button_one_text_color__hover_enabled=&#8221;off&#8221; button_two_text_color__hover_enabled=&#8221;off&#8221; button_border_width__hover_enabled=&#8221;off&#8221; button_one_border_width__hover_enabled=&#8221;off&#8221; button_two_border_width__hover_enabled=&#8221;off&#8221; button_border_color__hover_enabled=&#8221;off&#8221; button_one_border_color__hover_enabled=&#8221;off&#8221; button_two_border_color__hover_enabled=&#8221;off&#8221; button_border_radius__hover_enabled=&#8221;off&#8221; button_one_border_radius__hover_enabled=&#8221;off&#8221; button_two_border_radius__hover_enabled=&#8221;off&#8221; button_letter_spacing__hover_enabled=&#8221;off&#8221; button_one_letter_spacing__hover_enabled=&#8221;off&#8221; button_two_letter_spacing__hover_enabled=&#8221;off&#8221; button_bg_color__hover_enabled=&#8221;off&#8221; button_one_bg_color__hover_enabled=&#8221;off&#8221; button_two_bg_color__hover_enabled=&#8221;off&#8221;][\/et_pb_button][\/et_pb_column][\/et_pb_row][\/et_pb_section][et_pb_section fb_built=&#8221;1&#8243; custom_padding_last_edited=&#8221;on|phone&#8221; admin_label=&#8221;About&#8221; _builder_version=&#8221;4.27.2&#8243; custom_padding=&#8221;90px|0px|40px|0px||&#8221; custom_padding_tablet=&#8221;90px|0px|40px|0px||&#8221; custom_padding_phone=&#8221;0px|0px|0px|0px|false|false&#8221; global_module=&#8221;3361&#8243; global_colors_info=&#8221;{}&#8221;][et_pb_row column_structure=&#8221;1_2,1_2&#8243; _builder_version=&#8221;4.27.2&#8243; _module_preset=&#8221;default&#8221; min_height=&#8221;984px&#8221; custom_margin=&#8221;-206px|auto||auto|false|false&#8221; global_colors_info=&#8221;{}&#8221;][et_pb_column type=&#8221;1_2&#8243; _builder_version=&#8221;4.25.1&#8243; _module_preset=&#8221;default&#8221; custom_padding=&#8221;10%||||false|false&#8221; custom_padding_tablet=&#8221;0px||||false|false&#8221; custom_padding_phone=&#8221;0px||||false|false&#8221; custom_padding_last_edited=&#8221;on|desktop&#8221; global_colors_info=&#8221;{}&#8221;][et_pb_heading title=&#8221;introduction&#8221; _builder_version=&#8221;4.27.2&#8243; _module_preset=&#8221;ccbdfeb8-bcbb-492d-8765-0b585952df4b&#8221; title_text_color=&#8221;gcid-9d5d11f9-d654-432d-8206-34ad20a6d54e&#8221; global_colors_info=&#8221;{%22gcid-9d5d11f9-d654-432d-8206-34ad20a6d54e%22:%91%22title_text_color%22%93}&#8221;][\/et_pb_heading][et_pb_heading title=&#8221;The Queretaro Wine and Wineries Guide&#8221; _builder_version=&#8221;4.27.3&#8243; _module_preset=&#8221;55d10f34-ed1c-4fc3-bfe4-a11d819562e6&#8243; custom_margin=&#8221;||||false|false&#8221; global_colors_info=&#8221;{}&#8221;][\/et_pb_heading][et_pb_text _builder_version=&#8221;4.27.3&#8243; _module_preset=&#8221;a4bcf04f-a79f-4862-b2b8-156da4c435df&#8221; text_font_size_phone=&#8221;16px&#8221; global_colors_info=&#8221;{}&#8221;]<\/p>\n<p>If you are a lover of art, cheese and wine, and you like to travel and explore the Quer\u00e9taro region, this is the right tool for you.<\/p>\n<p>Vinit\u00e1cora is a comprehensive guide in printed format that brings together detailed information on the wineries, cheese factories, art and cultural experiences that make this region unique.<\/p>\n<p>With this guide, you will be able to plan your tours, discover fascinating places and record your experiences, fully enjoying the art, cheese and wine route without missing out on the best that Quer\u00e9taro has to offer. In addition, Vinit\u00e1cora is an invaluable reference for tastings, events and visits, helping you to remember and share every place and flavor you explore. <\/p>\n<p>[\/et_pb_text][et_pb_button button_url=&#8221;https:\/\/tienda.vinitacora.mx\/products\/ruta-del-vino-queretaro&#8221; url_new_window=&#8221;on&#8221; button_text=&#8221;buy here&#8221; _builder_version=&#8221;4.27.3&#8243; _module_preset=&#8221;bef6f1b2-4a2c-45a7-8fa6-3419a45efb69&#8243; button_bg_color=&#8221;#3EBC80&#8243; global_colors_info=&#8221;{}&#8221;][\/et_pb_button][\/et_pb_column][et_pb_column type=&#8221;1_2&#8243; _builder_version=&#8221;4.25.1&#8243; _module_preset=&#8221;default&#8221; global_colors_info=&#8221;{}&#8221;][et_pb_image src=&#8221;https:\/\/vinitacora.mx\/home\/wp-content\/uploads\/2021\/08\/qro.jpg&#8221; alt=&#8221;vinitacora_lower_fourth_edition_cover&#8221; title_text=&#8221;qro&#8221; show_bottom_space_tablet=&#8221;&#8221; show_bottom_space_phone=&#8221;on&#8221; show_bottom_space_last_edited=&#8221;on|phone&#8221; _builder_version=&#8221;4.27.3&#8243; _module_preset=&#8221;default&#8221; custom_margin=&#8221;117px|-30%|||false|false&#8221; custom_margin_tablet=&#8221;|0vw|||false|false&#8221; custom_margin_phone=&#8221;45px|0vw|0px||false|false&#8221; custom_margin_last_edited=&#8221;on|tablet&#8221; custom_padding_tablet=&#8221;&#8221; custom_padding_phone=&#8221;0px||0px||false|false&#8221; custom_padding_last_edited=&#8221;on|phone&#8221; scroll_vertical_motion_enable=&#8221;on&#8221; scroll_vertical_motion=&#8221;0|50|50|100|1|0|-1&#8243; global_colors_info=&#8221;{}&#8221;][\/et_pb_image][\/et_pb_column][\/et_pb_row][\/et_pb_section][et_pb_section fb_built=&#8221;1&#8243; custom_padding_last_edited=&#8221;on|phone&#8221; _builder_version=&#8221;4.27.2&#8243; _module_preset=&#8221;default&#8221; custom_padding_tablet=&#8221;&#8221; custom_padding_phone=&#8221;0px||||false|false&#8221; global_colors_info=&#8221;{}&#8221;][et_pb_row column_structure=&#8221;1_2,1_2&#8243; _builder_version=&#8221;4.25.1&#8243; _module_preset=&#8221;default&#8221; global_module=&#8221;2895&#8243; global_colors_info=&#8221;{}&#8221;][et_pb_column type=&#8221;1_2&#8243; _builder_version=&#8221;4.25.1&#8243; _module_preset=&#8221;default&#8221; global_colors_info=&#8221;{}&#8221;][et_pb_heading title=&#8221;benefits&#8221; _builder_version=&#8221;4.27.2&#8243; _module_preset=&#8221;ccbdfeb8-bcbb-492d-8765-0b585952df4b&#8221; title_text_color=&#8221;gcid-9d5d11f9-d654-432d-8206-34ad20a6d54e&#8221; global_colors_info=&#8221;{%22gcid-9d5d11f9-d654-432d-8206-34ad20a6d54e%22:%91%22title_text_color%22%93}&#8221;][\/et_pb_heading][et_pb_heading title=&#8221;Why do I need one?&#8221; _builder_version=&#8221;4.27.2&#8243; _module_preset=&#8221;55d10f34-ed1c-4fc3-bfe4-a11d819562e6&#8243; custom_margin=&#8221;||10px||false|false&#8221; global_colors_info=&#8221;{}&#8221;][\/et_pb_heading][et_pb_text _builder_version=&#8221;4.27.3&#8243; _module_preset=&#8221;a4bcf04f-a79f-4862-b2b8-156da4c435df&#8221; text_font_size_phone=&#8221;16px&#8221; global_colors_info=&#8221;{}&#8221;]<\/p>\n<p>Vinit\u00e1cora is the perfect guide for wine lovers who want to explore Mexico&#8217;s wine regions. Ideal for planning tours, discovering unique wineries and recording your experiences, this printed tool is more than just a travel resource: it is a reference for tastings, events and remembering the wines you taste. Full of precise details and easy to use, it will allow you to enjoy every wine experience to the fullest, without missing out on the best the region has to offer.  <\/p>\n<p>[\/et_pb_text][et_pb_button button_url=&#8221;https:\/\/tienda.vinitacora.mx\/products\/ruta-del-vino-queretaro&#8221; url_new_window=&#8221;on&#8221; button_text=&#8221;I want my Vinit\u00e1cora&#8221; _builder_version=&#8221;4.27.3&#8243; _module_preset=&#8221;bef6f1b2-4a2c-45a7-8fa6-3419a45efb69&#8243; button_bg_color=&#8221;#3EBC80&#8243; global_colors_info=&#8221;{}&#8221;][\/et_pb_button][\/et_pb_column][et_pb_column type=&#8221;1_2&#8243; _builder_version=&#8221;4.25.1&#8243; _module_preset=&#8221;default&#8221; global_colors_info=&#8221;{}&#8221;][et_pb_accordion _builder_version=&#8221;4.27.3&#8243; _module_preset=&#8221;68a84ced-04fc-4a92-aecc-1f4581105316&#8243; toggle_font_size=&#8221;20px&#8221; body_font_size=&#8221;16px&#8221; custom_padding_tablet=&#8221;&#8221; custom_padding_phone=&#8221;0px||0px||false|false&#8221; custom_padding_last_edited=&#8221;on|phone&#8221; toggle_font_size_tablet=&#8221;&#8221; toggle_font_size_phone=&#8221;21px&#8221; toggle_font_size_last_edited=&#8221;on|phone&#8221; global_colors_info=&#8221;{}&#8221;][et_pb_accordion_item title=&#8221;Plan your trip without complications&#8221; icon_color=&#8221;#0300b4&#8243; _builder_version=&#8221;4.27.2&#8243; _module_preset=&#8221;03368556-2bc4-4258-971a-6ee6c7fba1f1&#8243; global_colors_info=&#8221;{}&#8221; open=&#8221;on&#8221;]<\/p>\n<p>Avoid the frustration of searching for scattered information on the internet and have all the important details of the wine route in one place.<\/p>\n<p>[\/et_pb_accordion_item][et_pb_accordion_item title=&#8221;Discover unique places&#8221; icon_color=&#8221;#0300b4&#8243; _builder_version=&#8221;4.27.2&#8243; _module_preset=&#8221;03368556-2bc4-4258-971a-6ee6c7fba1f1&#8243; global_colors_info=&#8221;{}&#8221; open=&#8221;off&#8221;]<\/p>\n<p>Get to know lesser-known wineries and vineyards and discover hidden gems that only a true connoisseur of the region could recommend.<\/p>\n<p>[\/et_pb_accordion_item][et_pb_accordion_item title=&#8221;Record and remember your experiences&#8221; icon_color=&#8221;#0300b4&#8243; _builder_version=&#8221;4.27.2&#8243; _module_preset=&#8221;03368556-2bc4-4258-971a-6ee6c7fba1f1&#8243; global_colors_info=&#8221;{}&#8221; open=&#8221;off&#8221;]<\/p>\n<p>Use the spaces for personal notes and keep a record of the wines you tasted, the wineries you visited and the impressions of your visits.<\/p>\n<p>[\/et_pb_accordion_item][et_pb_accordion_item title=&#8221;Pocket Map&#8221; icon_color=&#8221;#0300b4&#8243; _builder_version=&#8221;4.27.3&#8243; _module_preset=&#8221;03368556-2bc4-4258-971a-6ee6c7fba1f1&#8243; global_colors_info=&#8221;{}&#8221; open=&#8221;off&#8221;]<\/p>\n<p>Take it with you wherever you go, it includes a map with specific details of the wineries and locations.<\/p>\n<p>[\/et_pb_accordion_item][et_pb_accordion_item title=&#8221;Learn and share&#8221; icon_color=&#8221;#0300b4&#8243; _builder_version=&#8221;4.27.2&#8243; _module_preset=&#8221;03368556-2bc4-4258-971a-6ee6c7fba1f1&#8243; global_colors_info=&#8221;{}&#8221; open=&#8221;off&#8221;]<\/p>\n<p>  By including spaces for personal notes, it is perfect for sharing experiences and recommendations with friends and family, fostering conversations and connections around the world of wine.<\/p>\n<p>[\/et_pb_accordion_item][et_pb_accordion_item title=&#8221;Use on any occasion&#8221; open=&#8221;off&#8221; icon_color=&#8221;#0300b4&#8243; _builder_version=&#8221;4.27.2&#8243; _module_preset=&#8221;03368556-2bc4-4258-971a-6ee6c7fba1f1&#8243; global_colors_info=&#8221;{}&#8221;]<\/p>\n<p>It is not only useful during travels; it is also perfect for wine tastings, wine events and for consulting and remembering what you have tasted, improving your knowledge and appreciation of wine.<\/p>\n<p>[\/et_pb_accordion_item][\/et_pb_accordion][\/et_pb_column][\/et_pb_row][\/et_pb_section][et_pb_section fb_built=&#8221;1&#8243; admin_label=&#8221;Recipes&#8221; _builder_version=&#8221;4.27.2&#8243; background_color=&#8221;#f9f2f2&#8243; background_size=&#8221;initial&#8221; custom_margin=&#8221;|||&#8221; custom_padding=&#8221;0px|0px|0px|0px||&#8221; global_colors_info=&#8221;{}&#8221;][et_pb_row use_custom_gutter=&#8221;on&#8221; gutter_width=&#8221;1&#8243; _builder_version=&#8221;4.27.2&#8243; width=&#8221;100%&#8221; max_width=&#8221;1800px&#8221; custom_padding=&#8221;0px|||||&#8221; global_colors_info=&#8221;{}&#8221;][et_pb_column type=&#8221;4_4&#8243; _builder_version=&#8221;4.16&#8243; custom_padding=&#8221;|||&#8221; global_colors_info=&#8221;{}&#8221; custom_padding__hover=&#8221;|||&#8221;][et_pb_video src=&#8221;https:\/\/youtu.be\/ceQbJJQMJbU?si=LCxDK55TLg2w-9N1&#8243; _builder_version=&#8221;4.27.2&#8243; _module_preset=&#8221;default&#8221; custom_padding=&#8221;50px||50px||false|false&#8221; global_colors_info=&#8221;{}&#8221;][\/et_pb_video][\/et_pb_column][\/et_pb_row][\/et_pb_section][et_pb_section fb_built=&#8221;1&#8243; _builder_version=&#8221;4.27.2&#8243; _module_preset=&#8221;default&#8221; custom_margin=&#8221;0px||0px||false|false&#8221; custom_padding=&#8221;0px||0px||false|false&#8221; global_colors_info=&#8221;{}&#8221;][et_pb_row _builder_version=&#8221;4.27.2&#8243; _module_preset=&#8221;default&#8221; width=&#8221;100%&#8221; max_width=&#8221;100vw&#8221; custom_margin=&#8221;0px||0px||false|false&#8221; custom_padding=&#8221;0px||0px||false|false&#8221; global_colors_info=&#8221;{}&#8221;][et_pb_column type=&#8221;4_4&#8243; _builder_version=&#8221;4.27.2&#8243; _module_preset=&#8221;default&#8221; global_colors_info=&#8221;{}&#8221;][et_pb_image src=&#8221;https:\/\/vinitacora.mx\/home\/wp-content\/uploads\/2024\/10\/valle-4230.jpg&#8221; title_text=&#8221;xolos watching vinitacora&#8221; force_fullwidth=&#8221;on&#8221; _builder_version=&#8221;4.27.2&#8243; _module_preset=&#8221;default&#8221; custom_margin=&#8221;-44px|||||&#8221; custom_padding=&#8221;4px|||||&#8221; global_colors_info=&#8221;{}&#8221;][\/et_pb_image][\/et_pb_column][\/et_pb_row][\/et_pb_section][et_pb_section fb_built=&#8221;1&#8243; admin_label=&#8221;News&#8221; _builder_version=&#8221;4.16&#8243; custom_margin=&#8221;|||&#8221; custom_padding=&#8221;90px||90px|&#8221; global_colors_info=&#8221;{}&#8221; disabled_on=&#8221;on|on|on&#8221; disabled=&#8221;on&#8221;][et_pb_row _builder_version=&#8221;4.16&#8243; custom_margin=&#8221;|||&#8221; global_colors_info=&#8221;{}&#8221;][et_pb_column type=&#8221;4_4&#8243; _builder_version=&#8221;4.16&#8243; custom_padding=&#8221;|||&#8221; global_colors_info=&#8221;{}&#8221; custom_padding__hover=&#8221;|||&#8221;][et_pb_text admin_label=&#8221;Title&#8221; _builder_version=&#8221;4.27.2&#8243; text_font=&#8221;||||||||&#8221; header_font=&#8221;||||||||&#8221; header_2_font=&#8221;&#8211;et_global_heading_font|500|||||||&#8221; header_2_text_color=&#8221;#1e1e1e&#8221; header_2_font_size=&#8221;36px&#8221; text_orientation=&#8221;center&#8221; custom_margin=&#8221;||15px|&#8221; animation_style=&#8221;fade&#8221; global_colors_info=&#8221;{}&#8221;]<\/p>\n<h2>Las Vin\u00edcolas de Quer\u00e9taro<\/h2>\n<p>[\/et_pb_text][et_pb_divider color=&#8221;#cccccc&#8221; divider_weight=&#8221;2px&#8221; _builder_version=&#8221;4.16&#8243; max_width=&#8221;80px&#8221; max_width_tablet=&#8221;100px&#8221; max_width_phone=&#8221;100px&#8221; max_width_last_edited=&#8221;off|desktop&#8221; module_alignment=&#8221;center&#8221; animation_style=&#8221;fade&#8221; global_colors_info=&#8221;{}&#8221;][\/et_pb_divider][\/et_pb_column][\/et_pb_row][et_pb_row use_custom_gutter=&#8221;on&#8221; gutter_width=&#8221;2&#8243; _builder_version=&#8221;4.16&#8243; global_colors_info=&#8221;{}&#8221;][et_pb_column type=&#8221;4_4&#8243; _builder_version=&#8221;4.16&#8243; custom_padding=&#8221;|||&#8221; global_colors_info=&#8221;{}&#8221; custom_padding__hover=&#8221;|||&#8221;][et_pb_blog fullwidth=&#8221;off&#8221; posts_number=&#8221;3&#8243; include_categories=&#8221;113&#8243; use_manual_excerpt=&#8221;off&#8221; show_pagination=&#8221;off&#8221; _builder_version=&#8221;4.27.3&#8243; header_font=&#8221;Cormorant Garamond|600|||||||&#8221; header_font_size=&#8221;26px&#8221; header_line_height=&#8221;1.3em&#8221; body_font=&#8221;Cormorant Garamond|500|||||||&#8221; body_font_size=&#8221;20px&#8221; body_line_height=&#8221;1.8em&#8221; meta_font=&#8221;Montserrat||||||||&#8221; meta_text_color=&#8221;#ff7864&#8243; pagination_font=&#8221;||||||||&#8221; custom_margin=&#8221;|||&#8221; custom_padding=&#8221;|||&#8221; animation_style=&#8221;fade&#8221; hover_enabled=&#8221;0&#8243; border_color_all=&#8221;#e0e0e0&#8243; global_colors_info=&#8221;{}&#8221; show_date=&#8221;off&#8221; show_excerpt=&#8221;off&#8221; sticky_enabled=&#8221;0&#8243;][\/et_pb_blog][\/et_pb_column][\/et_pb_row][\/et_pb_section]<\/p>\n","protected":false},"excerpt":{"rendered":"<p>Your Complete Guide to Quer\u00e9taro&#8217;s Wine and Cheese TrailExplore the Best Vineyards in Quer\u00e9taro&#8217;s Cheese and Wine Route with Vinit\u00e1coraIf you are a lover of art, cheese and wine, and you like to travel and explore the Quer\u00e9taro region, this is the right tool for you. Vinit\u00e1cora is a comprehensive guide in printed format that [&hellip;]<\/p>\n","protected":false},"author":1,"featured_media":0,"parent":0,"menu_order":0,"comment_status":"closed","ping_status":"closed","template":"","meta":{"_acf_changed":false,"_et_pb_use_builder":"on","_et_pb_old_content":"","_et_gb_content_width":"","footnotes":""},"class_list":["post-3806","page","type-page","status-publish","hentry"],"acf":[],"_links":{"self":[{"href":"https:\/\/vinitacora.mx\/en\/wp-json\/wp\/v2\/pages\/3806","targetHints":{"allow":["GET"]}}],"collection":[{"href":"https:\/\/vinitacora.mx\/en\/wp-json\/wp\/v2\/pages"}],"about":[{"href":"https:\/\/vinitacora.mx\/en\/wp-json\/wp\/v2\/types\/page"}],"author":[{"embeddable":true,"href":"https:\/\/vinitacora.mx\/en\/wp-json\/wp\/v2\/users\/1"}],"replies":[{"embeddable":true,"href":"https:\/\/vinitacora.mx\/en\/wp-json\/wp\/v2\/comments?post=3806"}],"version-history":[{"count":2,"href":"https:\/\/vinitacora.mx\/en\/wp-json\/wp\/v2\/pages\/3806\/revisions"}],"predecessor-version":[{"id":3808,"href":"https:\/\/vinitacora.mx\/en\/wp-json\/wp\/v2\/pages\/3806\/revisions\/3808"}],"wp:attachment":[{"href":"https:\/\/vinitacora.mx\/en\/wp-json\/wp\/v2\/media?parent=3806"}],"curies":[{"name":"wp","href":"https:\/\/api.w.org\/{rel}","templated":true}]}}