{"id":729,"date":"2021-09-09T03:05:02","date_gmt":"2021-09-09T03:05:02","guid":{"rendered":"https:\/\/vinitacora.mx\/home\/?page_id=729"},"modified":"2023-03-21T16:29:01","modified_gmt":"2023-03-21T22:29:01","slug":"team","status":"publish","type":"page","link":"https:\/\/vinitacora.mx\/en\/team\/","title":{"rendered":"Team"},"content":{"rendered":"<p>[et_pb_section fb_built=&#8221;1&#8243; _builder_version=&#8221;4.20.2&#8243; _module_preset=&#8221;default&#8221; custom_margin=&#8221;||2px|||&#8221; custom_padding=&#8221;65px||0px|||&#8221; hover_enabled=&#8221;0&#8243; global_colors_info=&#8221;{}&#8221; width_last_edited=&#8221;on|tablet&#8221; sticky_enabled=&#8221;0&#8243; background_last_edited=&#8221;on|tablet&#8221; background_enable_image=&#8221;off&#8221; background_color=&#8221;#575863&#8243;][et_pb_row _builder_version=&#8221;4.20.2&#8243; _module_preset=&#8221;default&#8221; custom_padding=&#8221;|10px||||&#8221;][et_pb_column _builder_version=&#8221;4.20.2&#8243; _module_preset=&#8221;default&#8221; type=&#8221;4_4&#8243;][et_pb_text _builder_version=&#8221;4.20.2&#8243; _module_preset=&#8221;default&#8221; text_text_color=&#8221;#FFFFFF&#8221; header_text_color=&#8221;#FFFFFF&#8221; hover_enabled=&#8221;0&#8243; sticky_enabled=&#8221;0&#8243; custom_margin=&#8221;||32px|||&#8221;]<\/p>\n<h1>About the Author<\/h1>\n<p>[\/et_pb_text][et_pb_image src=&#8221;https:\/\/vinitacora.mx\/home\/wp-content\/uploads\/2021\/08\/Captura-de-Pantalla-2021-10-14-a-las-2.11.06-p.m.-1024&#215;574.png&#8221; _builder_version=&#8221;4.20.2&#8243; _module_preset=&#8221;default&#8221; title_text=&#8221;Captura de Pantalla 2021-10-14 a la(s) 2.11.06 p.m.&#8221; custom_margin=&#8221;|||-73px|false|false&#8221; width=&#8221;100%&#8221; width_last_edited=&#8221;on|desktop&#8221; align=&#8221;center&#8221; hover_enabled=&#8221;0&#8243; sticky_enabled=&#8221;0&#8243; url_new_window=&#8221;on&#8221; module_alignment=&#8221;center&#8221; url=&#8221;https:\/\/www.youtube.com\/watch?v=nDp2C7ig9EI&#8221; box_shadow_style=&#8221;preset2&#8243; width_tablet=&#8221;100%&#8221; width_phone=&#8221;100%&#8221;][\/et_pb_image][et_pb_text _builder_version=&#8221;4.20.2&#8243; _module_preset=&#8221;default&#8221; text_font=&#8221;Aller Std LT||||||||&#8221; custom_margin=&#8221;|139px||127px|false|false&#8221; hover_enabled=&#8221;0&#8243; sticky_enabled=&#8221;0&#8243; custom_margin_last_edited=&#8221;on|desktop&#8221; custom_margin_tablet=&#8221;|auto|15px|auto|false|false&#8221; custom_margin_phone=&#8221;|auto|15px|auto|false|false&#8221;]<\/p>\n<p style=\"text-align: justify;\">My name is Vionda and I have been a graphic designer for more than 12 years, specializing in commercial and social digital illustration.<\/p>\n<p style=\"text-align: justify;\">I am a wine professional and I have specialized in Mexican wine for 8 years.<\/p>\n<p style=\"text-align: justify;\">I have written four books about the wine regions in Mexico and I have participated as a judge and taster in different competitions at the national level. Currently I have developed as an ambassador and promoter of Mexican wine, conducting courses, talks and tastings in Sonoma, California.<\/p>\n<p style=\"text-align: left;\">I am certified as by: WSET, AWE by Napa Valley Wine Academy, World Wide Sommelier Association and Organizaci\u00f3n Nacional de Sommeliers de Mexico (ONSOM).<\/p>\n<p style=\"text-align: left;\">If you want to learn more about me, click on the image!<\/p>\n<p>[\/et_pb_text][\/et_pb_column][\/et_pb_row][\/et_pb_section][et_pb_section fb_built=&#8221;1&#8243; _builder_version=&#8221;4.16&#8243; _module_preset=&#8221;default&#8221; custom_margin=&#8221;-4px|||||&#8221; custom_padding=&#8221;0px||13px|||&#8221; global_colors_info=&#8221;{}&#8221;][et_pb_row _builder_version=&#8221;4.16&#8243; _module_preset=&#8221;default&#8221; custom_padding=&#8221;56px||8px||false|false&#8221; global_colors_info=&#8221;{}&#8221;][et_pb_column type=&#8221;4_4&#8243; _builder_version=&#8221;4.16&#8243; _module_preset=&#8221;default&#8221; global_colors_info=&#8221;{}&#8221;][et_pb_text _builder_version=&#8221;4.16&#8243; _module_preset=&#8221;default&#8221; text_font=&#8221;Trebuchet|800|||||||&#8221; text_text_color=&#8221;#47474f&#8221; text_font_size=&#8221;42px&#8221; global_colors_info=&#8221;{}&#8221;]<\/p>\n<p style=\"text-align: center;\">The team<\/p>\n<p>[\/et_pb_text][\/et_pb_column][\/et_pb_row][\/et_pb_section][et_pb_section fb_built=&#8221;1&#8243; _builder_version=&#8221;4.16&#8243; _module_preset=&#8221;default&#8221; custom_margin=&#8221;-4px|||||&#8221; custom_padding=&#8221;3px|||||&#8221; global_colors_info=&#8221;{}&#8221;][et_pb_row _builder_version=&#8221;4.16&#8243; _module_preset=&#8221;default&#8221; custom_margin=&#8221;-19px|auto||auto||&#8221; global_colors_info=&#8221;{}&#8221;][et_pb_column type=&#8221;4_4&#8243; _builder_version=&#8221;4.16&#8243; _module_preset=&#8221;default&#8221; global_colors_info=&#8221;{}&#8221;][et_pb_team_member name=&#8221;Vionda&#8221; position=&#8221;Author | Illustrator | Graphic Designer | Art Director | Entrepreneur| Wine Expert&#8221; image_url=&#8221;https:\/\/vinitacora.mx\/home\/wp-content\/uploads\/2021\/08\/pp.jpg&#8221; facebook_url=&#8221;https:\/\/www.facebook.com\/Viondaillustration&#8221; linkedin_url=&#8221;https:\/\/www.linkedin.com\/in\/vionda\/&#8221; _builder_version=&#8221;4.20.2&#8243; _module_preset=&#8221;default&#8221; header_font=&#8221;Aller|300|||||||&#8221; header_font_size=&#8221;30px&#8221; body_text_color=&#8221;gcid-1168ce23-e02d-440e-8055-b68b24928877&#8243; custom_margin=&#8221;||13px|||&#8221; custom_padding=&#8221;||0px|||&#8221; link_option_url_new_window=&#8221;on&#8221; hover_enabled=&#8221;0&#8243; body_font_size_tablet=&#8221;&#8221; body_font_size_phone=&#8221;14px&#8221; body_font_size_last_edited=&#8221;on|phone&#8221; body_line_height_tablet=&#8221;&#8221; body_line_height_phone=&#8221;1.5em&#8221; body_line_height_last_edited=&#8221;on|phone&#8221; border_radii_image=&#8221;on|446px|446px|446px|446px&#8221; border_radii_image_tablet=&#8221;&#8221; border_radii_image_phone=&#8221;&#8221; border_radii_image_last_edited=&#8221;on|phone&#8221; border_width_all_image_tablet=&#8221;&#8221; border_width_all_image_phone=&#8221;0px&#8221; border_width_all_image_last_edited=&#8221;on|phone&#8221; box_shadow_style_image=&#8221;preset2&#8243; global_colors_info=&#8221;{%22gcid-1168ce23-e02d-440e-8055-b68b24928877%22:%91%22body_text_color%22%93}&#8221; sticky_enabled=&#8221;0&#8243;]<\/p>\n<p><!-- divi:paragraph --><\/p>\n<p style=\"text-align: justify;\">Creative, restless and enterprising mind, with a &#8220;serious&#8221; fixation towards perfection and detail (&#8220;serious&#8221; I mean that he does not sleep until something has finished convincing him).<\/p>\n<p style=\"text-align: justify;\">Graphic designer, visual communicator and expert in the conceptualization of each of the ideas that come to mind. Passionate illustrator, tireless traveler, wine lover, and a bit obsessed with promoting people to meet and drink more Mexican wine (in fact, Vinit\u00e1cora was the result of that).<\/p>\n<p style=\"text-align: justify;\">If you say &#8220;wine&#8221;, she will magically appear immediately, but if she doesn&#8217;t, it is because she will surely be stroking a cat that has crossed her path. Cheers!<\/p>\n<p style=\"text-align: justify;\"><!-- \/divi:paragraph --><\/p>\n<p>[\/et_pb_team_member][et_pb_team_member name=&#8221;Fabian Jauregui&#8221; position=&#8221;Coauthor | Marketer &#038; Digital Strategist  | Photo &#038; Videographer | Content Creator |Entrepreneur| MBA &#8221; image_url=&#8221;https:\/\/vinitacora.mx\/home\/wp-content\/uploads\/2021\/10\/EOSR2695-300&#215;291.jpg&#8221; facebook_url=&#8221;https:\/\/www.instagram.com\/fabianjg\/&#8221; linkedin_url=&#8221;https:\/\/www.linkedin.com\/in\/fabianjg\/&#8221; _builder_version=&#8221;4.20.2&#8243; _module_preset=&#8221;default&#8221; header_font=&#8221;Aller||||||||&#8221; header_font_size=&#8221;30px&#8221; body_font=&#8221;Aller Std LT||||||||&#8221; body_text_color=&#8221;gcid-1168ce23-e02d-440e-8055-b68b24928877&#8243; custom_margin=&#8221;-35px|||||&#8221; custom_padding=&#8221;34px||1px||false|false&#8221; link_option_url=&#8221;fablabs.mx&#8221; link_option_url_new_window=&#8221;on&#8221; hover_enabled=&#8221;0&#8243; body_font_size_tablet=&#8221;&#8221; body_font_size_phone=&#8221;14px&#8221; body_font_size_last_edited=&#8221;on|phone&#8221; body_line_height_tablet=&#8221;1.3em&#8221; body_line_height_phone=&#8221;1.4em&#8221; body_line_height_last_edited=&#8221;on|phone&#8221; border_radii_image=&#8221;on|244px|244px|244px|244px&#8221; border_radii_image_tablet=&#8221;&#8221; border_radii_image_phone=&#8221;off|552px|552px|552px|552px&#8221; border_radii_image_last_edited=&#8221;on|phone&#8221; global_colors_info=&#8221;{%22gcid-1168ce23-e02d-440e-8055-b68b24928877%22:%91%22body_text_color%22%93}&#8221; sticky_enabled=&#8221;0&#8243; alt=&#8221;fabian_profile3&#8243; title_text=&#8221;fabian&#8221; custom_margin_last_edited=&#8221;on|phone&#8221; width=&#8221;100%&#8221; width_last_edited=&#8221;on|tablet&#8221; width_phone=&#8221;&#8221; custom_margin_tablet=&#8221;-18px||-38px||false|false&#8221; position_line_height=&#8221;1.4em&#8221; custom_margin_phone=&#8221;-18px||-38px||false|false&#8221; width_tablet=&#8221;100%&#8221;]<\/p>\n<p style=\"text-align: justify;\">Problem solver, passionate creative and born entrepreneur. Marketer with more than 10 years of experience in Digital Marketing from the creation of several startups to executing marketing plans and productions for large brands such as Ferrero, Google, Visa, among others.<\/p>\n<p style=\"text-align: justify;\">Possessor of a great ability to convince. Developer of everything you can imagine, self-taught and a todologist at the same time. Socializing is your must, so if you don&#8217;t have a person in front of you to talk to, you will surely do it with the closest chair. If you are not in front of a screen, be it your cell phone, camera or monitor, you will surely be bowling.<\/p>\n<p style=\"text-align: justify;\">His most recent acquisition, a Master of Wine Business in Sonoma, California. So if he doesn&#8217;t drink the wine, he will surely sell it to you. Watch out for this guy &#8230;<\/p>\n<p>[\/et_pb_team_member][\/et_pb_column][\/et_pb_row][\/et_pb_section]<\/p>\n","protected":false},"excerpt":{"rendered":"<p>About the AuthorMy name is Vionda and I have been a graphic designer for more than 12 years, specializing in commercial and social digital illustration. I am a wine professional and I have specialized in Mexican wine for 8 years. I have written four books about the wine regions in Mexico and I have participated [&hellip;]<\/p>\n","protected":false},"author":1,"featured_media":0,"parent":0,"menu_order":0,"comment_status":"closed","ping_status":"closed","template":"","meta":{"_acf_changed":false,"_et_pb_use_builder":"on","_et_pb_old_content":"[et_pb_section fb_built=\"1\" _builder_version=\"4.9.7\" _module_preset=\"default\" background_image=\"https:\/\/vinitacora.mx\/home\/wp-content\/uploads\/2021\/08\/LORE-SOMM-1-scaled.jpg\" custom_margin=\"||2px|||\" custom_padding=\"212px||63px|||\"][et_pb_row column_structure=\"1_2,1_2\" _builder_version=\"4.9.7\" _module_preset=\"default\" min_height=\"247px\" custom_margin=\"-36px|auto||auto||\" custom_padding=\"39px||0px|||\"][et_pb_column type=\"1_2\" _builder_version=\"4.9.7\" _module_preset=\"default\"][et_pb_text _builder_version=\"4.9.7\" _module_preset=\"default\" text_font=\"Trebuchet|800|||||||\" text_text_color=\"#FFFFFF\" text_font_size=\"35px\" text_letter_spacing=\"-1px\" text_line_height=\"1.3em\" min_height=\"127px\" custom_margin=\"-160px||51px||false|false\"]\n\n\u00bfQui\u00e9n soy yo, para hablarte de Vino Mexicano?\n\n[\/et_pb_text][et_pb_text _builder_version=\"4.9.7\" _module_preset=\"default\" text_text_color=\"#FFFFFF\" text_font_size=\"16px\" custom_margin=\"-70px|||||\"]\n<p style=\"text-align: justify;\">Me llamo Vionda y llevo m\u00e1s de 12 a\u00f1os como dise\u00f1adora gr\u00e1fica,&nbsp; especializada en ilustraci\u00f3n digital comercial y social.<\/p>\n<p style=\"text-align: justify;\">Soy profesional del vino y me especializo en vino mexicano desde hace 6 a\u00f1os. He escrito cuatro libros sobre las regiones de vino en M\u00e9xico y he participado como juez y catadora en diferentes concursos a nivel nacional. Actualmente me he desarrollado como embajadora y promotora del vino mexicano realizando cursos, pl\u00e1ticas y catas en Sonoma, California.<\/p>\n<p style=\"text-align: justify;\">Estoy certificada como por: WSET, AWE by Napa Valley Wine Academy, World Wide Sommelier Association y Organizaci\u00f3n Nacional de Sommeliers de M\u00e9xico (ONSOM).<\/p>\n[\/et_pb_text][\/et_pb_column][et_pb_column type=\"1_2\" _builder_version=\"4.9.7\" _module_preset=\"default\"][\/et_pb_column][\/et_pb_row][\/et_pb_section][et_pb_section fb_built=\"1\" _builder_version=\"4.9.7\" _module_preset=\"default\" custom_margin=\"-4px|||||\" custom_padding=\"0px||13px|||\"][et_pb_row _builder_version=\"4.9.7\" _module_preset=\"default\" custom_padding=\"56px||40px|||\"][et_pb_column type=\"4_4\" _builder_version=\"4.9.7\" _module_preset=\"default\"][et_pb_text _builder_version=\"4.9.7\" _module_preset=\"default\" text_font=\"Trebuchet|800|||||||\" text_text_color=\"#47474f\" text_font_size=\"42px\"]\n<p style=\"text-align: center;\">Detr\u00e1s de...<\/p>\n[\/et_pb_text][\/et_pb_column][\/et_pb_row][\/et_pb_section][et_pb_section fb_built=\"1\" _builder_version=\"4.9.7\" _module_preset=\"default\" custom_margin=\"-4px|||||\" custom_padding=\"3px|||||\"][et_pb_row _builder_version=\"4.9.7\" _module_preset=\"default\" custom_margin=\"-19px|auto||auto||\"][et_pb_column type=\"4_4\" _builder_version=\"4.9.7\" _module_preset=\"default\"][et_pb_team_member name=\"Vionda\" position=\"Autora de Vinit\u00e1cora | Ilustradora | Dise\u00f1adora gr\u00e1fica | Directora de arte | Emprendedora | Experta en vino\" image_url=\"https:\/\/vinitacora.mx\/home\/wp-content\/uploads\/2021\/08\/pp.jpg\" _builder_version=\"4.9.7\" _module_preset=\"default\" header_font=\"Trebuchet|300|||||||\" header_font_size=\"30px\" custom_margin=\"||13px|||\" custom_padding=\"||0px|||\" border_radii_image=\"on|446px|446px|446px|446px\"]<!-- divi:paragraph -->\n<p style=\"text-align: justify;\">Mente creativa, inquieta y emprendedora, con una \u201cseria\u201d fijaci\u00f3n hacia la perfecci\u00f3n y el detalle (\"seria\" me refiero a que no duerme hasta que algo no termina de convencerle).<\/p>\n<p style=\"text-align: justify;\">Dise\u00f1adora gr\u00e1fica nata, comunic\u00f3loga visual y experta en la conceptualizaci\u00f3n de cada una de las ideas que se le vienen a la cabeza.<\/p>\n<p style=\"text-align: justify;\">Ilustradora apasionada, viajera incansable, amante del vino y un poco obsesionada con promover a que la gente conozca y tome m\u00e1s vino mexicano (de hecho, Vinit\u00e1cora fue el resultado de eso).<\/p>\n<p style=\"text-align: justify;\">Si dices \u201cvino\", se aparecer\u00e1 de inmediato m\u00e1gicamente, pero si no lo hace, es porque seguro estar\u00e1 acariciando a alg\u00fan gato que se le haya atravesado en el camino.&nbsp; <strong>\u00a1Cheers!<\/strong><\/p>\n<p style=\"text-align: justify;\"><\/p>\n&nbsp;\n\n&nbsp;\n\n<!-- \/divi:paragraph -->[\/et_pb_team_member][et_pb_team_member name=\"Fabi\u00e1n\" position=\"Mercad\u00f3logo y Estratega digital  | Creador de contenido | Emprendedor | MBA \" image_url=\"https:\/\/vinitacora.mx\/home\/wp-content\/uploads\/2021\/08\/d74366e2-acf6-4fcb-ba0a-9546266f3773.jpg\" _builder_version=\"4.9.7\" _module_preset=\"default\" header_font=\"Trebuchet||||||||\" header_font_size=\"30px\" custom_padding=\"||1px|||\" border_radii_image=\"on|244px|244px|244px|244px\" custom_margin=\"-35px|||||\"]\n<p style=\"text-align: justify;\">Solucionador de problemas, creativo apasionado y emprendedor nato. Mercad\u00f3logo con m\u00e1s de 10 a\u00f1os de experiencia en Marketing Digital desde la creaci\u00f3n de varias startups hasta ejecutar planes de marketing y producciones para grandes marcas como Ferrero, Google, Visa, entre otros.<\/p>\n<p style=\"text-align: justify;\">Poseedor de una gran habilidad para convencer. Desarrollador de todo lo que te imagines, autodidacta y tod\u00f3logo a la vez.<\/p>\n<p style=\"text-align: justify;\">Socializar es su must, por lo que si no tiene una persona enfrente con qui\u00e9n platicar, seguro lo har\u00e1 con la silla m\u00e1s cercana. Si no se encuentra frente a alguna pantalla, ya sea del celular, c\u00e1mara o monitor, seguro estar\u00e1 jugando boliche.<\/p>\n<p style=\"text-align: justify;\">Su m\u00e1s reciente adquisici\u00f3n, una maestr\u00eda en Negocios del vino en Sonoma, California. As\u00ed que, si no se toma el vino, de seguro te lo vende.<\/p>\n<p style=\"text-align: justify;\"><strong>Cuidado con \u00e9ste chico...<\/strong><\/p>\n[\/et_pb_team_member][\/et_pb_column][\/et_pb_row][\/et_pb_section]","_et_gb_content_width":"","footnotes":""},"class_list":["post-729","page","type-page","status-publish","hentry"],"acf":[],"_links":{"self":[{"href":"https:\/\/vinitacora.mx\/en\/wp-json\/wp\/v2\/pages\/729","targetHints":{"allow":["GET"]}}],"collection":[{"href":"https:\/\/vinitacora.mx\/en\/wp-json\/wp\/v2\/pages"}],"about":[{"href":"https:\/\/vinitacora.mx\/en\/wp-json\/wp\/v2\/types\/page"}],"author":[{"embeddable":true,"href":"https:\/\/vinitacora.mx\/en\/wp-json\/wp\/v2\/users\/1"}],"replies":[{"embeddable":true,"href":"https:\/\/vinitacora.mx\/en\/wp-json\/wp\/v2\/comments?post=729"}],"version-history":[{"count":13,"href":"https:\/\/vinitacora.mx\/en\/wp-json\/wp\/v2\/pages\/729\/revisions"}],"predecessor-version":[{"id":1589,"href":"https:\/\/vinitacora.mx\/en\/wp-json\/wp\/v2\/pages\/729\/revisions\/1589"}],"wp:attachment":[{"href":"https:\/\/vinitacora.mx\/en\/wp-json\/wp\/v2\/media?parent=729"}],"curies":[{"name":"wp","href":"https:\/\/api.w.org\/{rel}","templated":true}]}}